{"id":426,"date":"2019-06-24T15:26:33","date_gmt":"2019-06-24T13:26:33","guid":{"rendered":"https:\/\/bagrovat.sk\/?page_id=426"},"modified":"2019-06-25T09:04:11","modified_gmt":"2019-06-25T07:04:11","slug":"stavebne-stroje","status":"publish","type":"page","link":"https:\/\/bagrovat.sk\/index.php\/stavebne-stroje\/","title":{"rendered":"Stroje"},"content":{"rendered":"\n<h5 class=\"wp-block-heading\">Pon\u00fakame slu\u017eby ni\u017e\u0161ie uveden\u00fdch strojov spolu s odbornou obsluhou:<\/h5>\n\n\n\n<figure class=\"wp-block-image\"><img loading=\"lazy\" decoding=\"async\" width=\"1200\" height=\"879\" src=\"https:\/\/bagrovat.sk\/wp-content\/uploads\/2019\/06\/Screenshot_20190624-231900-1200x879.jpg\" alt=\"\" class=\"wp-image-494\"\/><\/figure>\n\n\n\n<h3 class=\"wp-block-heading\">R\u00fdpadlo nakl\u00e1da\u010d JCB 3CX<\/h3>\n\n\n\n<ul class=\"wp-block-list\"><li>\u00bb nakl\u00e1dacia ly\u017eica s obsahom 1,2m<sub>3<\/sub><\/li><li>\u00bb podkopov\u00e9 ly\u017eice (30,60,90,100 cm)<\/li><li>\u00bb svahovacia ly\u017eica<\/li><li>\u00bb paletiza\u010dn\u00e9 vidlice a b\u00faracie kladivo<\/li><li>\u00bb \u017eeriavnicke oko na presun kanaliza\u010dn\u00fd r\u00far, \u0161alungov &#8230;<\/li><\/ul>\n\n\n\n<figure class=\"wp-block-image\"><img loading=\"lazy\" decoding=\"async\" width=\"1200\" height=\"629\" src=\"https:\/\/bagrovat.sk\/wp-content\/uploads\/2019\/06\/Screenshot_20190624-235345-1200x629.jpg\" alt=\"\" class=\"wp-image-505\"\/><\/figure>\n\n\n\n<h3 class=\"wp-block-heading\">MAN TGS<\/h3>\n\n\n\n<ul class=\"wp-block-list\"><li>\u00bb Trojstrann\u00fd skl\u00e1pa\u010d<\/li><li>\u00bb Preprava sypk\u00fdch a&nbsp;pevn\u00fdch materi\u00e1lov<\/li><li>\u00bb 6&#215;6 vhodn\u00fd do \u0165a\u017ek\u00fdch ter\u00e9nov<\/li><li>\u00bb Preprava s&nbsp;hydraulickou rukou<\/li><\/ul>\n\n\n\n<figure class=\"wp-block-image\"><img loading=\"lazy\" decoding=\"async\" width=\"1200\" height=\"737\" src=\"https:\/\/bagrovat.sk\/wp-content\/uploads\/2019\/06\/Screenshot_20190624-235734-1200x737.jpg\" alt=\"\" class=\"wp-image-506\"\/><\/figure>\n\n\n\n<h3 class=\"wp-block-heading\">Tatra 815<\/h3>\n\n\n\n<ul class=\"wp-block-list\"><li>\u00bb Trojstrann\u00fd skl\u00e1pa\u010d<\/li><li>\u00bb Preprava sypk\u00fdch a pevn\u00fdch materi\u00e1lov<\/li><li>\u00bb Vhodn\u00e1 do \u0165a\u017ek\u00fdch ter\u00e9nov<\/li><\/ul>\n\n\n\n<figure class=\"wp-block-image\"><img loading=\"lazy\" decoding=\"async\" width=\"1200\" height=\"820\" src=\"https:\/\/bagrovat.sk\/wp-content\/uploads\/2019\/06\/Screenshot_20190624-233927-1200x820.jpg\" alt=\"\" class=\"wp-image-499\"\/><\/figure>\n\n\n\n<h3 class=\"wp-block-heading\">Kolesov\u00fd b\u00e1ger Takeuchi TB 1160W<\/h3>\n\n\n\n<ul class=\"wp-block-list\"><li>\u00bb (16t) kolesov\u00fd b\u00e1ger s nat\u00e1\u010dan\u00edm ly\u017eice Power tilt<\/li><li>\u00bb Podkopov\u00e1 ly\u017eica aj so svahovaciou<\/li><li>\u00bb \u017deriavnicke oko na presun kanaliza\u010dn\u00fdch r\u00far, \u0161alungov a in\u00e9<\/li><\/ul>\n\n\n\n<figure class=\"wp-block-image\"><img loading=\"lazy\" decoding=\"async\" width=\"1200\" height=\"834\" src=\"https:\/\/bagrovat.sk\/wp-content\/uploads\/2019\/06\/Screenshot_20190624-234318-1200x834.jpg\" alt=\"\" class=\"wp-image-501\"\/><\/figure>\n\n\n\n<h3 class=\"wp-block-heading\">R\u00fdpadlo nakl\u00e1da\u010d VOLVO BL 71<\/h3>\n\n\n\n<ul class=\"wp-block-list\"><li>\u00bb nakl\u00e1dacia ly\u017eica s obsahom 1,2m3<\/li><li>\u00bb podkopov\u00e9 ly\u017eice (30,60,90,100,cm.)<\/li><li>\u00bb svahovacia ly\u017eica<\/li><li>\u00bb paletiza\u010dn\u00e9 vidlice a b\u00faracie kladivo<\/li><li>\u00bb \u017eeriavnicke oko na presun kanaliza\u010dn\u00fd r\u00far, \u0161alungov a in\u00e9<\/li><\/ul>\n\n\n\n<figure class=\"wp-block-image\"><img loading=\"lazy\" decoding=\"async\" width=\"700\" height=\"510\" src=\"https:\/\/bagrovat.sk\/wp-content\/uploads\/2019\/06\/backhoe-loaders-wb-97-r-5-e0-komatsu.png\" alt=\"\" class=\"wp-image-503\"\/><\/figure>\n\n\n\n<h3 class=\"wp-block-heading\">R\u00fdpadlo nakl\u00e1da\u010d KOMATSU WB 97 s<\/h3>\n\n\n\n<ul class=\"wp-block-list\"><li>\u00bb nakl\u00e1dacia ly\u017eica s obsahom 1,2m3<\/li><li>\u00bb podkopov\u00e9 ly\u017eice (30,60,90,100cm.)<\/li><li>\u00bb svahovacia ly\u017eica<\/li><li>\u00bb paletiza\u010dn\u00e9 vidlice a b\u00faracie kladivo<\/li><li>\u00bb \u017eeriavnicke oko na presun kanaliza\u010dn\u00fd r\u00far,\u0161alungov a in\u00e9<\/li><\/ul>\n\n\n\n<figure class=\"wp-block-image\"><img loading=\"lazy\" decoding=\"async\" width=\"1200\" height=\"889\" src=\"https:\/\/bagrovat.sk\/wp-content\/uploads\/2019\/06\/Screenshot_20190624-233057-1200x889.jpg\" alt=\"\" class=\"wp-image-496\"\/><\/figure>\n\n\n\n<h3 class=\"wp-block-heading\">P\u00e1sov\u00fd b\u00e1ger TAKEUCHI TB 250<\/h3>\n\n\n\n<ul class=\"wp-block-list\"><li>\u00bb (4,9t) do n\u00e1ro\u010dn\u00fdch ter\u00e9nov s nakl\u00e1pan\u00edm ly\u017eice Power Tilt<\/li><li>\u00bb podkopov\u00e9 ly\u017eice (30,60,90)cm<\/li><li>\u00bb svahovacia ly\u017eica<\/li><li>\u00bb \u017eeriavnicke oko na presun kanaliza\u010dn\u00fd r\u00far, \u0161alungov a in\u00e9<\/li><\/ul>\n\n\n\n<figure class=\"wp-block-image\"><img loading=\"lazy\" decoding=\"async\" width=\"1200\" height=\"776\" src=\"https:\/\/bagrovat.sk\/wp-content\/uploads\/2019\/06\/Screenshot_20190624-230810-1200x776.jpg\" alt=\"\" class=\"wp-image-490\"\/><\/figure>\n\n\n\n<h3 class=\"wp-block-heading\">\u0160mykov\u00fd naklada\u010d LOCUST 903<\/h3>\n\n\n\n<ul class=\"wp-block-list\"><li>\u00bb vhodn\u00fd na \u00fapravu ter\u00e9nu<\/li><li>\u00bb nakladanie r\u00f4zneho materi\u00e1lu<\/li><li>\u00bb paletiza\u010dn\u00e9 vidlice<\/li><\/ul>\n\n\n\n<figure class=\"wp-block-image\"><img decoding=\"async\" src=\"https:\/\/www.zemprace.sk\/images\/stavebne-stroje\/stavebnestoje5.jpg?v2\" alt=\"TATRA 815\"\/><\/figure>\n\n\n\n<h3 class=\"wp-block-heading\">TATRA 815<\/h3>\n\n\n\n<ul class=\"wp-block-list\"><li>\u00bb trojstrann\u00fd skl\u00e1pa\u010d<\/li><li>\u00bb preprava sypk\u00fdch a pevn\u00fdch materi\u00e1lov<\/li><li>\u00bb vhodn\u00e9 do \u0165a\u017ek\u00fdch ter\u00e9nov<\/li><\/ul>\n\n\n\n<figure class=\"wp-block-image\"><img decoding=\"async\" src=\"https:\/\/www.zemprace.sk\/images\/stavebne-stroje\/stavebnestoje6.jpg?v2\" alt=\"N\u00e1kladn\u00e9 vozidlo AVIA D 120, kontajnerov\u00e1 nadstavba, preprava sypk\u00fdch a pevn\u00fdch materi\u00e1lov. \"\/><\/figure>\n\n\n\n<h3 class=\"wp-block-heading\">N\u00e1kladn\u00e9 vozidlo AVIA D 120<\/h3>\n\n\n\n<ul class=\"wp-block-list\"><li>\u00bb kontajnerov\u00e1 nadstavba<\/li><li>\u00bb preprava sypk\u00fdch a pevn\u00fdch materi\u00e1lov<\/li><\/ul>\n\n\n\n<figure class=\"wp-block-image\"><img decoding=\"async\" src=\"https:\/\/www.zemprace.sk\/images\/stroj1.jpg?v2\" alt=\"Multicara M 25\"\/><\/figure>\n\n\n\n<h3 class=\"wp-block-heading\">Multicara M 25<\/h3>\n\n\n\n<ul class=\"wp-block-list\"><li>\u00bb reprava sypk\u00fdch a pevn\u00fdch materi\u00e1lov<\/li><li>\u00bb Radlica, sypa\u010d, vhodn\u00e1 na zimn\u00fa \u00fadr\u017ebu<\/li><\/ul>\n\n\n\n<p><\/p>\n\n\n\n<figure class=\"wp-block-image\"><img decoding=\"async\" src=\"https:\/\/www.zemprace.sk\/images\/stavebne-stroje\/stavebnestoje7.jpg?v2\" alt=\"Pren\u00e1jom mobiln\u00fdch kontajnerov na r\u00f4zny odpad.\"\/><\/figure>\n\n\n\n<h3 class=\"wp-block-heading\">Pren\u00e1jom mobiln\u00fdch kontajnerov na r\u00f4zny odpad<\/h3>\n","protected":false},"excerpt":{"rendered":"<div class=\"entry-summary\">\nPon\u00fakame slu\u017eby ni\u017e\u0161ie uveden\u00fdch strojov spolu s odbornou obsluhou: R\u00fdpadlo nakl\u00e1da\u010d JCB 3CX \u00bb nakl\u00e1dacia ly\u017eica s obsahom 1,2m3 \u00bb podkopov\u00e9 ly\u017eice (30,60,90,100 cm) \u00bb svahovacia ly\u017eica \u00bb paletiza\u010dn\u00e9 vidlice a b\u00faracie kladivo \u00bb \u017eeriavnicke oko na presun kanaliza\u010dn\u00fd r\u00far,&hellip;\n<\/div>\n<div class=\"link-more\"><a href=\"https:\/\/bagrovat.sk\/index.php\/stavebne-stroje\/\" class=\"more-link\">Pre\u010d\u00edta\u0165<span class=\"screen-reader-text\"> &ldquo;Stroje&rdquo;<\/span>&hellip;<\/a><\/div>\n","protected":false},"author":1,"featured_media":0,"parent":0,"menu_order":0,"comment_status":"closed","ping_status":"closed","template":"","meta":{"spay_email":"","footnotes":""},"class_list":["post-426","page","type-page","status-publish","hentry","entry"],"_links":{"self":[{"href":"https:\/\/bagrovat.sk\/index.php\/wp-json\/wp\/v2\/pages\/426","targetHints":{"allow":["GET"]}}],"collection":[{"href":"https:\/\/bagrovat.sk\/index.php\/wp-json\/wp\/v2\/pages"}],"about":[{"href":"https:\/\/bagrovat.sk\/index.php\/wp-json\/wp\/v2\/types\/page"}],"author":[{"embeddable":true,"href":"https:\/\/bagrovat.sk\/index.php\/wp-json\/wp\/v2\/users\/1"}],"replies":[{"embeddable":true,"href":"https:\/\/bagrovat.sk\/index.php\/wp-json\/wp\/v2\/comments?post=426"}],"version-history":[{"count":11,"href":"https:\/\/bagrovat.sk\/index.php\/wp-json\/wp\/v2\/pages\/426\/revisions"}],"predecessor-version":[{"id":573,"href":"https:\/\/bagrovat.sk\/index.php\/wp-json\/wp\/v2\/pages\/426\/revisions\/573"}],"wp:attachment":[{"href":"https:\/\/bagrovat.sk\/index.php\/wp-json\/wp\/v2\/media?parent=426"}],"curies":[{"name":"wp","href":"https:\/\/api.w.org\/{rel}","templated":true}]}}