{"id":439,"date":"2019-06-24T15:39:58","date_gmt":"2019-06-24T13:39:58","guid":{"rendered":"https:\/\/bagrovat.sk\/?page_id=439"},"modified":"2019-06-25T09:08:02","modified_gmt":"2019-06-25T07:08:02","slug":"nase-sluzby","status":"publish","type":"page","link":"https:\/\/bagrovat.sk\/index.php\/nase-sluzby\/","title":{"rendered":"Slu\u017eby"},"content":{"rendered":"\n<h2 class=\"wp-block-heading\">Slu\u017eby spolo\u010dnosti Majdan Lubo\u0161 s.r.o.:<\/h2>\n\n\n\n<ul class=\"wp-block-list\"><li>Zemn\u00e9 a v\u00fdkopov\u00e9 pr\u00e1ce<\/li><li>V\u00fdkopy z\u00e1kladov a z\u00e1kladov\u00fdch p\u00e1sov<\/li><li>B\u00faracie pr\u00e1ce s hydraulick\u00fdm kladivom<\/li><li>Zimn\u00e1 \u00fadr\u017eba parkovac\u00edch pl\u00f4ch a cestn\u00fdch komunik\u00e1ci\u00ed<\/li><li>Pr\u00edpravn\u00e9 pr\u00e1ce pre stavby<\/li><li>Ter\u00e9nne prace s pr\u00edpravou pozemku<\/li><li>V\u00fdkopy j\u00e1m r\u00f4znych rozmerov | pivnice, \u017eumpy, baz\u00e9ny, \u0161achty &#8230;<\/li><li>R\u00f4zne v\u00fdkopy in\u017einierskych sieti | plyn, voda, kanaliz\u00e1cia &#8230; <\/li><li>\u00daprava skl\u00e1dok<\/li><li>Presun paliet<\/li><li>Nakladanie vozidiel<\/li><li>Dovoz \u0161trku, piesku, makadamu, kame\u0148a a in\u00e9&#8230;<\/li><li>Asistencia pri \u017eiveln\u00fdch pohrom\u00e1ch<\/li><li>Preprava r\u00f4zneho materi\u00e1lu n\u00e1kladn\u00fdm autom<\/li><li>Pren\u00e1jom kontajnerov na r\u00f4zny odpad<\/li><\/ul>\n","protected":false},"excerpt":{"rendered":"<div class=\"entry-summary\">\nSlu\u017eby spolo\u010dnosti Majdan Lubo\u0161 s.r.o.: Zemn\u00e9 a v\u00fdkopov\u00e9 pr\u00e1ce V\u00fdkopy z\u00e1kladov a z\u00e1kladov\u00fdch p\u00e1sov B\u00faracie pr\u00e1ce s hydraulick\u00fdm kladivom Zimn\u00e1 \u00fadr\u017eba parkovac\u00edch pl\u00f4ch a cestn\u00fdch komunik\u00e1ci\u00ed Pr\u00edpravn\u00e9 pr\u00e1ce pre stavby Ter\u00e9nne prace s pr\u00edpravou pozemku V\u00fdkopy j\u00e1m r\u00f4znych rozmerov |&hellip;\n<\/div>\n<div class=\"link-more\"><a href=\"https:\/\/bagrovat.sk\/index.php\/nase-sluzby\/\" class=\"more-link\">Pre\u010d\u00edta\u0165<span class=\"screen-reader-text\"> &ldquo;Slu\u017eby&rdquo;<\/span>&hellip;<\/a><\/div>\n","protected":false},"author":1,"featured_media":443,"parent":0,"menu_order":0,"comment_status":"closed","ping_status":"closed","template":"","meta":{"spay_email":"","footnotes":""},"class_list":["post-439","page","type-page","status-publish","has-post-thumbnail","hentry","entry"],"_links":{"self":[{"href":"https:\/\/bagrovat.sk\/index.php\/wp-json\/wp\/v2\/pages\/439","targetHints":{"allow":["GET"]}}],"collection":[{"href":"https:\/\/bagrovat.sk\/index.php\/wp-json\/wp\/v2\/pages"}],"about":[{"href":"https:\/\/bagrovat.sk\/index.php\/wp-json\/wp\/v2\/types\/page"}],"author":[{"embeddable":true,"href":"https:\/\/bagrovat.sk\/index.php\/wp-json\/wp\/v2\/users\/1"}],"replies":[{"embeddable":true,"href":"https:\/\/bagrovat.sk\/index.php\/wp-json\/wp\/v2\/comments?post=439"}],"version-history":[{"count":3,"href":"https:\/\/bagrovat.sk\/index.php\/wp-json\/wp\/v2\/pages\/439\/revisions"}],"predecessor-version":[{"id":574,"href":"https:\/\/bagrovat.sk\/index.php\/wp-json\/wp\/v2\/pages\/439\/revisions\/574"}],"wp:featuredmedia":[{"embeddable":true,"href":"https:\/\/bagrovat.sk\/index.php\/wp-json\/wp\/v2\/media\/443"}],"wp:attachment":[{"href":"https:\/\/bagrovat.sk\/index.php\/wp-json\/wp\/v2\/media?parent=439"}],"curies":[{"name":"wp","href":"https:\/\/api.w.org\/{rel}","templated":true}]}}