{"id":567,"date":"2019-06-25T06:58:04","date_gmt":"2019-06-25T04:58:04","guid":{"rendered":"https:\/\/bagrovat.sk\/?page_id=567"},"modified":"2019-06-26T06:58:13","modified_gmt":"2019-06-26T04:58:13","slug":"kontakt","status":"publish","type":"page","link":"https:\/\/bagrovat.sk\/index.php\/kontakt\/","title":{"rendered":"Kontakt"},"content":{"rendered":"\n<h3 class=\"wp-block-heading\">Majdan Lubo\u0161 s.r.o.<\/h3>\n\n\n\n<p class=\"has-medium-font-size\">Uhroveck\u00e1 6081\/12&nbsp;<br>841 07 Bratislava&nbsp;<\/p>\n\n\n\n<p><strong>I\u010cO:<\/strong>&nbsp;46119469&nbsp;<br><strong>I\u010c DPH:<\/strong>&nbsp;SK2023254156&nbsp;<\/p>\n\n\n\n<p><strong>tel:<\/strong>&nbsp;0903 456 003&nbsp;<br><strong>e-mail: <\/strong><a href=\"mailto:majdanlubos@gmail.com\">majdanlubos@gmail.com<\/a><\/p>\n\n\n\n<div class=\"wp-block-image\"><figure class=\"aligncenter\"><a href=\"https:\/\/mapa.zoznam.sk\/naplanuj-cestu-m3?p[20]=48.208735700000005,16.9753395\" target=\"_blank\" rel=\"noreferrer noopener\"><img loading=\"lazy\" decoding=\"async\" width=\"831\" height=\"441\" src=\"https:\/\/bagrovat.sk\/wp-content\/uploads\/2019\/06\/afc571fc-61da-4094-af13-b8983e31d87e.jpg\" alt=\"\" class=\"wp-image-585\" srcset=\"https:\/\/bagrovat.sk\/wp-content\/uploads\/2019\/06\/afc571fc-61da-4094-af13-b8983e31d87e.jpg 831w, https:\/\/bagrovat.sk\/wp-content\/uploads\/2019\/06\/afc571fc-61da-4094-af13-b8983e31d87e-744x395.jpg 744w\" sizes=\"auto, (max-width: 831px) 100vw, 831px\" \/><\/a><figcaption><strong><a href=\"https:\/\/mapa.zoznam.sk\/naplanuj-cestu-m3?p[20]=48.208735700000005,16.9753395\" target=\"_blank\" rel=\"noreferrer noopener\">Napl\u00e1nuj cestu<\/a><\/strong><\/figcaption><\/figure><\/div>\n","protected":false},"excerpt":{"rendered":"<div class=\"entry-summary\">\nMajdan Lubo\u0161 s.r.o. Uhroveck\u00e1 6081\/12&nbsp;841 07 Bratislava&nbsp; I\u010cO:&nbsp;46119469&nbsp;I\u010c DPH:&nbsp;SK2023254156&nbsp; tel:&nbsp;0903 456 003&nbsp;e-mail: majdanlubos@gmail.com\n<\/div>\n<div class=\"link-more\"><a href=\"https:\/\/bagrovat.sk\/index.php\/kontakt\/\" class=\"more-link\">Pre\u010d\u00edta\u0165<span class=\"screen-reader-text\"> &ldquo;Kontakt&rdquo;<\/span>&hellip;<\/a><\/div>\n","protected":false},"author":1,"featured_media":0,"parent":0,"menu_order":3,"comment_status":"closed","ping_status":"closed","template":"","meta":{"spay_email":"","footnotes":""},"class_list":["post-567","page","type-page","status-publish","hentry","entry"],"_links":{"self":[{"href":"https:\/\/bagrovat.sk\/index.php\/wp-json\/wp\/v2\/pages\/567","targetHints":{"allow":["GET"]}}],"collection":[{"href":"https:\/\/bagrovat.sk\/index.php\/wp-json\/wp\/v2\/pages"}],"about":[{"href":"https:\/\/bagrovat.sk\/index.php\/wp-json\/wp\/v2\/types\/page"}],"author":[{"embeddable":true,"href":"https:\/\/bagrovat.sk\/index.php\/wp-json\/wp\/v2\/users\/1"}],"replies":[{"embeddable":true,"href":"https:\/\/bagrovat.sk\/index.php\/wp-json\/wp\/v2\/comments?post=567"}],"version-history":[{"count":5,"href":"https:\/\/bagrovat.sk\/index.php\/wp-json\/wp\/v2\/pages\/567\/revisions"}],"predecessor-version":[{"id":589,"href":"https:\/\/bagrovat.sk\/index.php\/wp-json\/wp\/v2\/pages\/567\/revisions\/589"}],"wp:attachment":[{"href":"https:\/\/bagrovat.sk\/index.php\/wp-json\/wp\/v2\/media?parent=567"}],"curies":[{"name":"wp","href":"https:\/\/api.w.org\/{rel}","templated":true}]}}